{"id":4089,"date":"2013-05-11T00:49:17","date_gmt":"2013-05-10T22:49:17","guid":{"rendered":"http:\/\/www.vipnet360.com\/en\/terminos-y-condiciones\/"},"modified":"2017-01-31T13:56:15","modified_gmt":"2017-01-31T11:56:15","slug":"terms-and-conditions","status":"publish","type":"page","link":"https:\/\/www.vipnet360.com\/en\/terms-and-conditions","title":{"rendered":"Terms and conditions"},"content":{"rendered":"<p>&nbsp;<\/p>\n<p><b>1- <\/b><b>Datos Legales <\/b><\/p>\n<p>VIPNET CONSULTORES S.L. con C.I.F. B-84278951 y domicilio social en la Calle Guzm\u00e1n el Bueno, 133, edificio Britannia, 5\u00ba, A., C.P. 28003, de Madrid, est\u00e1 inscrita en el Registro Mercantil de Madrid. Tomo 21.203, Libro 0, Folio 40, Secci\u00f3n 8, Hoja M-376600.<\/p>\n<p>Este sitio es propiedad de VIPNET CONSULTORES S.L. (en adelante Vipnet) La utilizaci\u00f3n de este sitio web est\u00e1 sujeta a las siguientes condiciones de uso. Le rogamos que las lea detenidamente. El hecho de acceder a este sitio web y utilizar sus contenidos, implica que usted ha le\u00eddo y acepta, sin reserva alguna, estas condiciones.<\/p>\n<p>Para contactar con nosotros, puede hacerlo de trav\u00e9s del tel\u00e9fono 91.799.45.49 y la direcci\u00f3n de correo electr\u00f3nico:<b> <\/b><a href=\"mailto:info@vipnet.com\"><b>info@vipnet.com<\/b><\/a><b><\/b><\/p>\n<p>&nbsp;<\/p>\n<p><b>2- <\/b><b>Condiciones de uso <\/b><\/p>\n<p>Este sitio web contiene material preparado por<b> <\/b>Vipnet <b> <\/b>con fines \u00fanicamente informativos. El usuario debe tener en cuenta que tal material puede ser modificado, desarrollado o actualizado sin notificaci\u00f3n previa.<\/p>\n<p>El material contenido en este sitio web no puede servir, en ning\u00fan caso, de sustitutivo de asesoramiento profesional por parte de nuestros empleados.<\/p>\n<p>El acceso a este material no pretende constituir ni implica relaci\u00f3n alguna entre Vipnet y el cliente, ni cualquier otro tipo de relaci\u00f3n de confianza o profesional entre esta empresa y sus clientes.<\/p>\n<p>Los enlaces o links que contiene este sitio web pueden conducir al usuario a otros sitios y p\u00e1ginas web gestionados por terceros, sobre las que Vipnet no ejerce ning\u00fan tipo de control. Por tanto, Vipnet no responde ni del contenido ni del estado de dichos sitios y p\u00e1ginas web, y el acceso a las mismas a trav\u00e9s de este sitio web tampoco implica que Vipnet recomiende o apruebe su contenido.<\/p>\n<p>&nbsp;<\/p>\n<p><b>3-Limitaci\u00f3n y\/o exclusi\u00f3n de responsabilidad legal<\/b><\/p>\n<p>El usuario que utiliza este sitio web, lo hace por su propia cuenta y riesgo. Vipnet, sus empleados, representantes legales o colaboradores no se responsabilizan de los errores u omisiones de los que pudieran adolecer los contenidos este sitio web u otros contenidos a los que se pueda acceder a trav\u00e9s de la misma.<\/p>\n<p>Vipnet sus socios, colaboradores, empleados y representantes legales tampoco podr\u00e1n ser considerados responsables por cualesquiera da\u00f1os derivados de la utilizaci\u00f3n de este sitio web, ni por cualquier actuaci\u00f3n realizada sobre la base de la informaci\u00f3n que en ella se facilita. Vipnet no garantiza la ausencia de virus u otros elementos lesivos que pudieran causar da\u00f1os o alteraciones en el sistema inform\u00e1tico, en los documentos electr\u00f3nicos o en los ficheros del usuario de este sitio web. En consecuencia, Vipnet no responde por los da\u00f1os y perjuicios que tales elementos pudieran ocasionar al usuario o a terceros.<\/p>\n<p><b>Exclusi\u00f3n de la responsabilidad<\/b><\/p>\n<p><b>a) De la Informaci\u00f3n<\/b><\/p>\n<p>El acceso al sitio web no implica la obligaci\u00f3n por parte de Vipnet de comprobar la veracidad, exactitud, adecuaci\u00f3n, idoneidad, exhaustividad y actualidad de la informaci\u00f3n suministrada a trav\u00e9s del mismo. Los contenidos de esta p\u00e1gina son de car\u00e1cter general y no constituyen, en modo alguno, la prestaci\u00f3n de un servicio de ning\u00fan tipo, por lo que dicha informaci\u00f3n resulta insuficiente para la toma de decisiones personales o empresariales por parte del usuario.<\/p>\n<p>Vipnet no se responsabiliza de los da\u00f1os producidos en los equipos inform\u00e1ticos de los usuarios o de terceros durante la prestaci\u00f3n del servicio de este sitio web.<\/p>\n<p><b>b) De la calidad del servicio<\/b><\/p>\n<p>El acceso al sitio web requiere de servicios y suministros de terceros, incluidos el transporte a trav\u00e9s de redes de telecomunicaciones cuya fiabilidad, calidad, continuidad y funcionamiento no corresponde a Vipnet. Por consiguiente, los servicios provistos a trav\u00e9s de este sitio web pueden ser suspendidos, cancelados o resultar inaccesibles, con car\u00e1cter previo o simult\u00e1neo a la prestaci\u00f3n del servicio de la p\u00e1gina.<\/p>\n<p><b>c) De la disponibilidad del Servicio<\/b><\/p>\n<p>El acceso al sitio web requiere de servicios y suministros de terceros, incluidos el transporte a trav\u00e9s de redes de telecomunicaciones cuya fiabilidad, calidad, continuidad y funcionamiento no corresponde a Vipnet. Por consiguiente, los servicios provistos a trav\u00e9s del sitio web pueden ser suspendidos, cancelados o resultar inaccesibles, con car\u00e1cter previo o simult\u00e1neo a la prestaci\u00f3n del servicio del sitio web.<\/p>\n<p>Vipnet no se responsabiliza de los da\u00f1os o perjuicios de cualquier tipo producidos en el usuario que traigan causa de fallos o desconexiones en las redes de telecomunicaciones que produzcan la suspensi\u00f3n, cancelaci\u00f3n o interrupci\u00f3n del servicio del sitio web durante la prestaci\u00f3n del mismo o con car\u00e1cter previo.<\/p>\n<p><b>d) De los contenidos y servicios enlazados a trav\u00e9s de este sitio web<\/b><\/p>\n<p>El servicio de acceso al sitio web incluye dispositivos t\u00e9cnicos de enlace que permiten al usuario acceder a otras p\u00e1ginas y sitio webs de Internet (en adelante, sitios enlazados). En estos casos, Vipnet act\u00faa como prestador de servicios de intermediaci\u00f3n de conformidad con el art\u00edculo 17 de la Ley 32\/2002, de 12 de julio, de Servicios de la Sociedad de la Informaci\u00f3n y el Comercio Electr\u00f3nico (LSSI) y s\u00f3lo ser\u00e1 responsable de los contenidos y servicios suministrados en los sitios enlazados en la medida en que tenga conocimiento efectivo de la ilicitud y no haya desactivado el enlace con la diligencia debida. En el supuesto de que el usuario considere que existe un sitio enlazado con contenidos il\u00edcitos o inadecuados podr\u00e1 comunic\u00e1rselo a Vipnet de acuerdo con el procedimiento y los efectos establecidos al respecto, sin que en ning\u00fan caso esta comunicaci\u00f3n conlleve la obligaci\u00f3n de retirar el correspondiente enlace.<\/p>\n<p>En ning\u00fan caso, la existencia de sitios enlazados debe presuponer la existencia de acuerdos con los responsables o titulares de los mismos, ni la recomendaci\u00f3n, promoci\u00f3n o identificaci\u00f3n de Vipnet con las manifestaciones, contenidos o servicios provistas.<\/p>\n<p>Vipnet no conoce los contenidos y servicios de los sitios enlazados y por tanto no se hace responsable por los da\u00f1os producidos por la ilicitud, calidad, desactualizaci\u00f3n, indisponibilidad, error e inutilidad de los contenidos y\/o servicios de los sitios enlazados ni por cualquier otro da\u00f1o que no sea directamente imputable a Vipnet.<\/p>\n<p>&nbsp;<\/p>\n<p><b>4-Propiedad Intelectual e Industrial<\/b><\/p>\n<p>Todos los contenidos de este sitio web, entendiendo por estos a t\u00edtulo meramente enunciativo los textos, fotograf\u00edas, gr\u00e1ficos, im\u00e1genes, iconos, tecnolog\u00eda, software, links y dem\u00e1s contenidos audiovisuales o sonoros, as\u00ed como su dise\u00f1o gr\u00e1fico y c\u00f3digos fuente son propiedad intelectual de Vipnet sin que puedan entenderse cedidos al usuario ninguno de los derechos de explotaci\u00f3n sobre los mismos m\u00e1s all\u00e1 de lo estrictamente necesario para el correcto uso de este sitio web.<\/p>\n<p>La marca, nombre comercial o cualquier otro tipo de signo distintivo son titularidad de Vipnet sin que pueda entenderse que el acceso a este sitio web atribuya ning\u00fan derecho sobre la referida marca, nombre comercial u otro signo distintivo.<\/p>\n<p>El usuario se obliga a hacer un uso correcto de este sitio web de conformidad con el presente aviso legal y subsidiariamente con la legislaci\u00f3n espa\u00f1ola aplicable. El usuario responder\u00e1 frente a Vipnet o frente a terceros, de cualesquiera da\u00f1os y perjuicios que pudieran causarse como consecuencia del incumplimiento de dicha obligaci\u00f3n.<\/p>\n<p>Queda expresamente prohibido el uso de este sitio web con fines lesivos de bienes o intereses de Vipnet, de terceros o que de cualquier otra forma sobrecarguen, da\u00f1en o inutilicen las redes, servidores y dem\u00e1s equipos inform\u00e1ticos (hardware) o productos y aplicaciones inform\u00e1ticas (software) de esta mercantil o de terceros.<\/p>\n<p>&nbsp;<\/p>\n<p><b>5- Contenidos<\/b><\/p>\n<p>El usuario se compromete a utilizar los contenidos alojados en la p\u00e1gina web de Vipnet, de conformidad con el presente Aviso Legal y subsidiariamente con la legislaci\u00f3n al uso aplicable. Tambi\u00e9n, de las dem\u00e1s condiciones, reglamentos e instrucciones que en su caso pudieran ser de aplicaci\u00f3n de conformidad con lo dispuesto las presentes condiciones de uso con car\u00e1cter meramente enunciativo, el usuario de acuerdo con la legislaci\u00f3n vigente deber\u00e1 por ende abstenerse de:<\/p>\n<p>-Reproducir, copiar, distribuir, poner a disposici\u00f3n, comunicar p\u00fablicamente, transformar o modificar los contenidos, salvo en los casos autorizados en la ley o expresamente consentidos por Vipnet o por quien pudiera ostentar la titularidad de los derechos de explotaci\u00f3n en su caso. Reproducir o copiar para uso privado los contenidos que puedan ser considerados como hardware, software o bases de datos de conformidad con la legislaci\u00f3n vigente en materia de propiedad intelectual, as\u00ed como su comunicaci\u00f3n p\u00fablica o puesta a disposici\u00f3n de terceros cuando estos actos impliquen necesariamente la reproducci\u00f3n por parte del usuario o de un tercero.<\/p>\n<p>-Extraer y\/o reutilizar la totalidad o una parte sustancial de los contenidos alojados e integrantes de esta p\u00e1gina web, as\u00ed como de las bases de datos que Vipnet pudiera poner a disposici\u00f3n de los usuarios.<\/p>\n<p>&nbsp;<\/p>\n<p><b>6<\/b>&#8211; <b>Introducci\u00f3n de enlaces a la p\u00e1gina Web<\/b><\/p>\n<p>El usuario se compromete a utilizar los contenidos de conformidad con la Ley y el presente Aviso Legal, as\u00ed como con las dem\u00e1s condiciones, reglamentos e instrucciones que en su caso pudieran ser de aplicaci\u00f3n de conformidad con lo dispuesto en las presentes condiciones de uso, con car\u00e1cter meramente enunciativo. En este sentido, el usuario de acuerdo con la legislaci\u00f3n vigente deber\u00e1 saber que:<\/p>\n<p>El enlace \u00fanicamente vincular\u00e1 con la home page o p\u00e1gina principal de este sitio web pero no podr\u00e1 reproducirla de ninguna forma (inline links, copia de los textos, gr\u00e1ficos, etc.).<\/p>\n<p>Quedar\u00e1 en todo caso prohibido, de acuerdo con la legislaci\u00f3n aplicable y vigente en cada momento, establecer marcos de cualquier tipo que envuelvan a este sitio web o permitan la visualizaci\u00f3n de los contenidos a trav\u00e9s de direcciones de Internet distintas a las del sitio web y, en cualquier caso, cuando se visualicen conjuntamente con contenidos ajenos a este sitio web de forma que: produzca, o pueda producir, error, confusi\u00f3n o enga\u00f1o en los usuarios sobre la verdadera procedencia del servicio, suponga un acto de comparaci\u00f3n o imitaci\u00f3n desleal, sirva para aprovechar la reputaci\u00f3n de la marca y prestigio de Vipnet,o de cualquier otra forma resulte prohibido por la legislaci\u00f3n vigente.<\/p>\n<p>No se realizar\u00e1n desde la p\u00e1gina que introduce el enlace ning\u00fan tipo de manifestaci\u00f3n falsa, inexacta o incorrecta sobre Vipnet, sus socios, empleados, clientes o sobre la calidad de los servicios que presta.<\/p>\n<p>Est\u00e1 prohibida la utilizaci\u00f3n de cualquier marca denominativa, gr\u00e1fica o mixta o cualquier otro signo distintivo de Vipnet dentro de la p\u00e1gina del remitente salvo en los casos permitidos por la ley o expresamente autorizados por Vipnet y siempre que se permita, en estos casos, un enlace directo con este sitio web en la forma establecida en este aparatado.<\/p>\n<p>La p\u00e1gina que establezca el enlace deber\u00e1 cumplir fielmente con la ley y no podr\u00e1 en ning\u00fan caso disponer o enlazar con contenidos propios o de terceros que: sean il\u00edcitos, nocivos o contrarios a la moral y a las buenas costumbres (pornogr\u00e1ficos, violentos, racistas, etc.), induzcan o puedan inducir en el usuario a la falsa concepci\u00f3n de que Vipnet suscribe, respalda, se adhiere o de cualquier manera apoya, las ideas, manifestaciones o expresiones, l\u00edcitas o il\u00edcitas, del remitente, resulten inapropiados o no pertinentes con la actividad de Vipnet en atenci\u00f3n al lugar, contenidos y tem\u00e1tica de la p\u00e1gina web del remitente<\/p>\n<p>&nbsp;<\/p>\n<p><b>7- Protecci\u00f3n de Datos <\/b><\/p>\n<p>Los datos que pudieran ser recabados a trav\u00e9s de esta web ser\u00e1n incorporados a un fichero automatizado de datos de car\u00e1cter personal del que es responsable Vipnet.<\/p>\n<p>Esta entidad tratar\u00e1 los datos de forma confidencial y exclusivamente con la finalidad de gestionar la relaci\u00f3n con sus clientes y promocionar las actividades de la empresa. Asimismo, Vipnet cancelar\u00e1, borrar\u00e1 y\/o bloquear\u00e1 los datos cuando resulten inexactos, incompletos o hayan dejado de ser necesarios o pertinentes para su finalidad, de conformidad con lo previsto en la legislaci\u00f3n en materia de protecci\u00f3n de datos.<\/p>\n<p>Al introducir los datos en el correspondiente formulario, el usuario consiente de forma expresa que sus datos podr\u00e1n ser utilizados para el env\u00edo de comunicaciones comerciales por correo electr\u00f3nico o por cualquier otro medio.<\/p>\n<p>El usuario podr\u00e1 revocar el consentimiento prestado y ejercer los derechos de acceso, rectificaci\u00f3n, cancelaci\u00f3n y oposici\u00f3n dirigi\u00e9ndose a tal efecto a la direcci\u00f3n se\u00f1alada en la al inicio de esta comunicaci\u00f3n e indicando de forma visible el concreto derecho que se ejerce.<\/p>\n<p>Vipnet adopta los niveles de seguridad requeridos en el Real Decreto 1720\/2007 de 21 de diciembre relativos a la seguridad y protecci\u00f3n de datos. No obstante, la seguridad t\u00e9cnica en un medio como Internet no es inexpugnable y pueden existir filtraciones por actuaciones dolosas de terceros.<\/p>\n<p>Vipnet podr\u00e1 utilizar cookies durante la prestaci\u00f3n del servicio de la p\u00e1gina. Las cookies son procedimientos autom\u00e1ticos de recogida de informaci\u00f3n relativa a las preferencias determinadas por un usuario durante su visita a una determinada p\u00e1gina web. Esta informaci\u00f3n se registra en peque\u00f1os archivos que son guardados en los equipos inform\u00e1ticos del usuario correspondiente de forma imperceptible. Cada vez que el usuario vuelve a acceder al sitio web en cuesti\u00f3n estos archivos se activan autom\u00e1ticamente de manera que se configura el sitio web con las preferencias se\u00f1aladas en anteriores visitas. En definitiva, las cookies son ficheros f\u00edsicos de informaci\u00f3n personal alojados en el propio terminal del usuario y asociados inequ\u00edvocamente a este terminal. Las cookies no pueden leer los archivos cookie creados por otros proveedores.<\/p>\n<p>El usuario tiene la posibilidad de configurar su programa navegador de manera que se impida la creaci\u00f3n de archivos cookie o se advierta del momento en que esto ocurre. El sitio web es accesible sin necesidad de que est\u00e9n activadas las opciones referentes a los archivos cookie, si bien pueden impedir el correcto funcionamiento de mecanismos de seguridad para servicios exclusivos o determinados servicios que requieren de una mayor seguridad. Por norma general, la finalidad de los archivos cookie de este sitio web es la de facilitar la navegaci\u00f3n del usuario.<\/p>\n<p>&nbsp;<\/p>\n<p><b>8- Comunicaci\u00f3n de actividades de car\u00e1cter l\u00edcito e inadecuado <\/b><\/p>\n<p>En el caso de que el usuario o cualquier otra persona tuviera conocimiento de que los sitios enlazados remiten a p\u00e1ginas cuyos contenidos o servicios son il\u00edcitos, nocivos, denigrantes, violentos o contrarios a la moral podr\u00e1 ponerse en contacto con Vipnet indicando los siguientes extremos:<\/p>\n<p>Datos personales del comunicante: nombre, direcci\u00f3n, n\u00famero de tel\u00e9fono y direcci\u00f3n de correo electr\u00f3nico<\/p>\n<p>Descripci\u00f3n de los hechos que revelan el car\u00e1cter il\u00edcito o inadecuado del sitio enlazado<\/p>\n<p>En el supuesto de violaci\u00f3n de derechos, tales como propiedad intelectual e industrial, los datos personales del titular del derecho infringido cuando sea persona distinta del comunicante. Asimismo deber\u00e1 aportar el t\u00edtulo que acredite la legitimaci\u00f3n del titular de los derechos y, en su caso, el de representaci\u00f3n para actuar por cuenta del titular cuando sea persona distinta del comunicante, y declaraci\u00f3n expresa de que la informaci\u00f3n contenida en la reclamaci\u00f3n es exacta.<\/p>\n<p>La recepci\u00f3n por parte de Vipnet de la comunicaci\u00f3n prevista en este apartado no supondr\u00e1, seg\u00fan lo dispuesto en la LSSI, el conocimiento efectivo de las actividades y\/o contenidos indicados por el comunicante.<\/p>\n<p>&nbsp;<\/p>\n<p><b>9-Foros y legislaci\u00f3n aplicable <\/b><\/p>\n<p>Los tribunales de Madrid conocer\u00e1n de cualquier litigio o controversia que pudiere surgir en relaci\u00f3n con el aviso legal aqu\u00ed desarrollado. Por ende, la legislaci\u00f3n aplicable al caso, ser\u00e1 la espa\u00f1ola.<\/p>\n","protected":false},"excerpt":{"rendered":"<p>&nbsp; 1- Datos Legales VIPNET CONSULTORES S.L. con C.I.F. B-84278951 y domicilio social en la Calle Guzm\u00e1n el Bueno, 133, edificio Britannia, 5\u00ba, A., C.P. 28003, de Madrid, est\u00e1 inscrita en el Registro Mercantil de Madrid. Tomo 21.203, Libro 0, Folio 40, Secci\u00f3n 8, Hoja M-376600. Este sitio es propiedad de VIPNET CONSULTORES S.L. (en&#8230;  <a href=\"https:\/\/www.vipnet360.com\/en\/terms-and-conditions\" title=\"Leer Terms and conditions\">Leer m\u00e1s &raquo;<\/a><\/p>\n","protected":false},"author":2,"featured_media":4128,"parent":0,"menu_order":0,"comment_status":"open","ping_status":"open","template":"","meta":{"_acf_changed":false,"content-type":"","footnotes":""},"class_list":["post-4089","page","type-page","status-publish","has-post-thumbnail","hentry"],"acf":[],"yoast_head":"<!-- This site is optimized with the Yoast SEO plugin v26.8 - https:\/\/yoast.com\/product\/yoast-seo-wordpress\/ -->\n<title>Terms and conditions of Vipnet360 are available on the web<\/title>\n<meta name=\"description\" content=\"The terms and conditions of Vipnet360 are already available on the web, it is important to be readen by all of our customers.\" \/>\n<meta name=\"robots\" content=\"index, follow, max-snippet:-1, max-image-preview:large, max-video-preview:-1\" \/>\n<link rel=\"canonical\" href=\"https:\/\/www.vipnet360.com\/en\/terms-and-conditions\" \/>\n<meta property=\"og:locale\" content=\"en_US\" \/>\n<meta property=\"og:type\" content=\"article\" \/>\n<meta property=\"og:title\" content=\"Terms and conditions of Vipnet360 are available on the web\" \/>\n<meta property=\"og:description\" content=\"The terms and conditions of Vipnet360 are already available on the web, it is important to be readen by all of our customers.\" \/>\n<meta property=\"og:url\" content=\"https:\/\/www.vipnet360.com\/en\/terms-and-conditions\" \/>\n<meta property=\"og:site_name\" content=\"Vipnet360\" \/>\n<meta property=\"article:modified_time\" content=\"2017-01-31T11:56:15+00:00\" \/>\n<meta property=\"og:image\" content=\"https:\/\/www.vipnet360.com\/wp-content\/uploads\/2015\/07\/bg_nosotros.jpg\" \/>\n\t<meta property=\"og:image:width\" content=\"1650\" \/>\n\t<meta property=\"og:image:height\" content=\"856\" \/>\n\t<meta property=\"og:image:type\" content=\"image\/jpeg\" \/>\n<meta name=\"twitter:card\" content=\"summary_large_image\" \/>\n<meta name=\"twitter:label1\" content=\"Est. reading time\" \/>\n\t<meta name=\"twitter:data1\" content=\"13 minutes\" \/>\n<!-- \/ Yoast SEO plugin. -->","yoast_head_json":{"title":"Terms and conditions of Vipnet360 are available on the web","description":"The terms and conditions of Vipnet360 are already available on the web, it is important to be readen by all of our customers.","robots":{"index":"index","follow":"follow","max-snippet":"max-snippet:-1","max-image-preview":"max-image-preview:large","max-video-preview":"max-video-preview:-1"},"canonical":"https:\/\/www.vipnet360.com\/en\/terms-and-conditions","og_locale":"en_US","og_type":"article","og_title":"Terms and conditions of Vipnet360 are available on the web","og_description":"The terms and conditions of Vipnet360 are already available on the web, it is important to be readen by all of our customers.","og_url":"https:\/\/www.vipnet360.com\/en\/terms-and-conditions","og_site_name":"Vipnet360","article_modified_time":"2017-01-31T11:56:15+00:00","og_image":[{"width":1650,"height":856,"url":"https:\/\/www.vipnet360.com\/wp-content\/uploads\/2015\/07\/bg_nosotros.jpg","type":"image\/jpeg"}],"twitter_card":"summary_large_image","twitter_misc":{"Est. reading time":"13 minutes"},"schema":{"@context":"https:\/\/schema.org","@graph":[{"@type":"WebPage","@id":"https:\/\/www.vipnet360.com\/en\/terms-and-conditions","url":"https:\/\/www.vipnet360.com\/en\/terms-and-conditions","name":"Terms and conditions of Vipnet360 are available on the web","isPartOf":{"@id":"https:\/\/www.vipnet360.com\/#website"},"primaryImageOfPage":{"@id":"https:\/\/www.vipnet360.com\/en\/terms-and-conditions#primaryimage"},"image":{"@id":"https:\/\/www.vipnet360.com\/en\/terms-and-conditions#primaryimage"},"thumbnailUrl":"https:\/\/www.vipnet360.com\/wp-content\/uploads\/2015\/07\/bg_nosotros.jpg","datePublished":"2013-05-10T22:49:17+00:00","dateModified":"2017-01-31T11:56:15+00:00","description":"The terms and conditions of Vipnet360 are already available on the web, it is important to be readen by all of our customers.","breadcrumb":{"@id":"https:\/\/www.vipnet360.com\/en\/terms-and-conditions#breadcrumb"},"inLanguage":"en-EN","potentialAction":[{"@type":"ReadAction","target":["https:\/\/www.vipnet360.com\/en\/terms-and-conditions"]}]},{"@type":"ImageObject","inLanguage":"en-EN","@id":"https:\/\/www.vipnet360.com\/en\/terms-and-conditions#primaryimage","url":"https:\/\/www.vipnet360.com\/wp-content\/uploads\/2015\/07\/bg_nosotros.jpg","contentUrl":"https:\/\/www.vipnet360.com\/wp-content\/uploads\/2015\/07\/bg_nosotros.jpg","width":1650,"height":856},{"@type":"BreadcrumbList","@id":"https:\/\/www.vipnet360.com\/en\/terms-and-conditions#breadcrumb","itemListElement":[{"@type":"ListItem","position":1,"name":"Home","item":"https:\/\/www.vipnet360.com\/en"},{"@type":"ListItem","position":2,"name":"Terms and conditions"}]},{"@type":"WebSite","@id":"https:\/\/www.vipnet360.com\/#website","url":"https:\/\/www.vipnet360.com\/","name":"Vipnet360","description":"Especialistas en Social Media Marketing","publisher":{"@id":"https:\/\/www.vipnet360.com\/#organization"},"potentialAction":[{"@type":"SearchAction","target":{"@type":"EntryPoint","urlTemplate":"https:\/\/www.vipnet360.com\/?s={search_term_string}"},"query-input":{"@type":"PropertyValueSpecification","valueRequired":true,"valueName":"search_term_string"}}],"inLanguage":"en-EN"},{"@type":"Organization","@id":"https:\/\/www.vipnet360.com\/#organization","name":"Vipnet360","url":"https:\/\/www.vipnet360.com\/","logo":{"@type":"ImageObject","inLanguage":"en-EN","@id":"https:\/\/www.vipnet360.com\/#\/schema\/logo\/image\/","url":"https:\/\/www.vipnet360.com\/wp-content\/uploads\/2021\/05\/vipnet360-logo.png","contentUrl":"https:\/\/www.vipnet360.com\/wp-content\/uploads\/2021\/05\/vipnet360-logo.png","width":1000,"height":213,"caption":"Vipnet360"},"image":{"@id":"https:\/\/www.vipnet360.com\/#\/schema\/logo\/image\/"}}]}},"_links":{"self":[{"href":"https:\/\/www.vipnet360.com\/en\/wp-json\/wp\/v2\/pages\/4089","targetHints":{"allow":["GET"]}}],"collection":[{"href":"https:\/\/www.vipnet360.com\/en\/wp-json\/wp\/v2\/pages"}],"about":[{"href":"https:\/\/www.vipnet360.com\/en\/wp-json\/wp\/v2\/types\/page"}],"author":[{"embeddable":true,"href":"https:\/\/www.vipnet360.com\/en\/wp-json\/wp\/v2\/users\/2"}],"replies":[{"embeddable":true,"href":"https:\/\/www.vipnet360.com\/en\/wp-json\/wp\/v2\/comments?post=4089"}],"version-history":[{"count":0,"href":"https:\/\/www.vipnet360.com\/en\/wp-json\/wp\/v2\/pages\/4089\/revisions"}],"wp:featuredmedia":[{"embeddable":true,"href":"https:\/\/www.vipnet360.com\/en\/wp-json\/wp\/v2\/media\/4128"}],"wp:attachment":[{"href":"https:\/\/www.vipnet360.com\/en\/wp-json\/wp\/v2\/media?parent=4089"}],"curies":[{"name":"wp","href":"https:\/\/api.w.org\/{rel}","templated":true}]}}